{"id":11,"date":"2012-03-19T16:09:19","date_gmt":"2012-03-19T16:09:19","guid":{"rendered":"https:\/\/www.linnich-apotheke.de\/wp-cms\/?page_id=11"},"modified":"2018-10-10T13:40:16","modified_gmt":"2018-10-10T13:40:16","slug":"aktuelles","status":"publish","type":"page","link":"https:\/\/www.linnich-apotheke.de\/wp-cms\/","title":{"rendered":"Aktuelles"},"content":{"rendered":"<p><strong>Vertrauen<\/strong><\/p>\n<p><strong><em>Arzt und Apotheker<\/em>;<\/strong>\u00a0Infos zu Arzneimitteln holt die Mehrheit der Deutschen nach wie vor bei Ihrem Arzt oder Apotheker ein. Das zeigt eine aktuelle Umfrage der Hochschule f\u00fcr Technik und Wirtschaft in Aalen. Von 593 Befragten nannten 57 Prozent die beiden Berufsgruppen.<br \/>\nNur jeder f\u00fcnfte nutzt das Internet, um sich zu informieren. Der Beipackzettel wird \u00fcbrigens von 13 Prozent als Informationsquelle genannt.<\/p>\n<p>(Quelle: \u00c4rzte Zeitung)<\/p>\n<p><strong>Wir sind Online<\/strong><\/p>\n<p><em><strong>Das Team der Marien Apotheke<\/strong><\/em> freut sich Ihnen jetzt unseren erweiterten Service der neuen Internetpr\u00e4senz anbieten zu k\u00f6nnen.<\/p>\n<p>Zudem k\u00f6nnen Sie uns interaktiv auf unserer Facebook Seite begleiten. Dort haben Sie neben der pers\u00f6nlichen Ansprache in der Apotheke die M\u00f6glichkeit Ihre W\u00fcnsche, Verbesserungsvorschl\u00e4ge und auch Kritik zu \u00e4u\u00dfern.<\/p>\n<p>Wir freuen uns auf Ihren Besuch unseres Online Angebotes.<\/p>\n","protected":false},"excerpt":{"rendered":"<p>Vertrauen Arzt und Apotheker;\u00a0Infos zu Arzneimitteln holt die Mehrheit der Deutschen nach wie vor bei Ihrem Arzt oder Apotheker ein. Das zeigt eine aktuelle Umfrage der Hochschule f\u00fcr Technik und Wirtschaft in Aalen. Von 593 Befragten nannten 57 Prozent die beiden Berufsgruppen. Nur jeder f\u00fcnfte nutzt das Internet, um sich zu informieren. Der Beipackzettel wird [&hellip;]<\/p>\n","protected":false},"author":2,"featured_media":0,"parent":0,"menu_order":1,"comment_status":"closed","ping_status":"closed","template":"news.php","meta":[],"_links":{"self":[{"href":"https:\/\/www.linnich-apotheke.de\/wp-cms\/wp-json\/wp\/v2\/pages\/11"}],"collection":[{"href":"https:\/\/www.linnich-apotheke.de\/wp-cms\/wp-json\/wp\/v2\/pages"}],"about":[{"href":"https:\/\/www.linnich-apotheke.de\/wp-cms\/wp-json\/wp\/v2\/types\/page"}],"author":[{"embeddable":true,"href":"https:\/\/www.linnich-apotheke.de\/wp-cms\/wp-json\/wp\/v2\/users\/2"}],"replies":[{"embeddable":true,"href":"https:\/\/www.linnich-apotheke.de\/wp-cms\/wp-json\/wp\/v2\/comments?post=11"}],"version-history":[{"count":1,"href":"https:\/\/www.linnich-apotheke.de\/wp-cms\/wp-json\/wp\/v2\/pages\/11\/revisions"}],"predecessor-version":[{"id":1000,"href":"https:\/\/www.linnich-apotheke.de\/wp-cms\/wp-json\/wp\/v2\/pages\/11\/revisions\/1000"}],"wp:attachment":[{"href":"https:\/\/www.linnich-apotheke.de\/wp-cms\/wp-json\/wp\/v2\/media?parent=11"}],"curies":[{"name":"wp","href":"https:\/\/api.w.org\/{rel}","templated":true}]}}