{"id":17,"date":"2012-03-19T16:09:54","date_gmt":"2012-03-19T16:09:54","guid":{"rendered":"https:\/\/www.linnich-apotheke.de\/wp-cms\/?page_id=17"},"modified":"2018-10-10T13:40:39","modified_gmt":"2018-10-10T13:40:39","slug":"apotheke","status":"publish","type":"page","link":"https:\/\/www.linnich-apotheke.de\/wp-cms\/apotheke\/","title":{"rendered":"Apotheke"},"content":{"rendered":"<p>Lieber Besucher,<\/p>\n<p>nach Gr\u00fcndung der Marien Apotheke im Herzen Linnichs im Oktober 1982 hat sich unsere Apotheke zu einem anerkannten und servicestarken Gesundheitsdienstleister entwickelt.<br \/>\nNach der \u00dcbergabe der Marien Apotheke von Herrn Schiffer im Juni 2011 f\u00fchrt Katrin Vollmer die Apotheke mit ihrem heimatlich verbundenen Team weiter.<\/p>\n<p>Die einf\u00fchlsame und fachkompetente Kundenberatung und -betreuung sind f\u00fcr uns ebenso selbstverst\u00e4ndlich, wie die kontinuierliche Verbesserung unseres Fachwissens z.B. in unseren Schwerpunktgebieten Hom\u00f6opathie und Naturheilkunde, sowie die Beratung von Schwangeren, Stillenden und M\u00fcttern mit Kind.<\/p>\n<p>Dar\u00fcber hinaus bieten wir f\u00fcr Sie die Versorgung mit ma\u00dfgefertigten Kompressionsstr\u00fcmpfen an.<br \/>\nEin Bestell- und Lieferservice rundet unser Angebot ab.<\/p>\n<p>W\u00e4rme und Atmosph\u00e4re sollen auch unsere Apothekenr\u00e4ume widerspiegeln. Damit Sie sich bei uns auch in Zukunft wohl f\u00fchlen, haben wir unsere Apotheke einer sanften Sanierung unterzogen.<\/p>\n<h3>Sie sind herzlich willkommen und gerne k\u00f6nnen wir einen pers\u00f6nlichen Termin vereinbaren<\/h3>\n<ul>\n<li>bei allen Fragen, die Ihre Medikamente betreffen<\/li>\n<li>bei Nahrungserg\u00e4nzungsmitteln<\/li>\n<li>bei der zeitlichen Einnahme Ihrer Medikamente<\/li>\n<li>bei Wechselwirkungen zwischen Ihren verschiedenen Medikamenten &#8211; wenn Sie schwanger sind und Fragen zu der Zeit vor und nach der\u00a0Entbindung haben<\/li>\n<li>bei Stillproblemen oder Fragen zur Ern\u00e4hrung im ersten Lebensjahr<\/li>\n<\/ul>\n<p><strong>Wir freuen uns auf Ihren Besuch in der Marien Apotheke, Linnich.<\/strong><\/p>\n<address>Ihre Katrin Vollmer und das Team der Marien Apotheke<\/address>\n","protected":false},"excerpt":{"rendered":"<p>Lieber Besucher, nach Gr\u00fcndung der Marien Apotheke im Herzen Linnichs im Oktober 1982 hat sich unsere Apotheke zu einem anerkannten und servicestarken Gesundheitsdienstleister entwickelt. Nach der \u00dcbergabe der Marien Apotheke von Herrn Schiffer im Juni 2011 f\u00fchrt Katrin Vollmer die Apotheke mit ihrem heimatlich verbundenen Team weiter. Die einf\u00fchlsame und fachkompetente Kundenberatung und -betreuung sind [&hellip;]<\/p>\n","protected":false},"author":2,"featured_media":0,"parent":0,"menu_order":3,"comment_status":"closed","ping_status":"closed","template":"","meta":[],"_links":{"self":[{"href":"https:\/\/www.linnich-apotheke.de\/wp-cms\/wp-json\/wp\/v2\/pages\/17"}],"collection":[{"href":"https:\/\/www.linnich-apotheke.de\/wp-cms\/wp-json\/wp\/v2\/pages"}],"about":[{"href":"https:\/\/www.linnich-apotheke.de\/wp-cms\/wp-json\/wp\/v2\/types\/page"}],"author":[{"embeddable":true,"href":"https:\/\/www.linnich-apotheke.de\/wp-cms\/wp-json\/wp\/v2\/users\/2"}],"replies":[{"embeddable":true,"href":"https:\/\/www.linnich-apotheke.de\/wp-cms\/wp-json\/wp\/v2\/comments?post=17"}],"version-history":[{"count":1,"href":"https:\/\/www.linnich-apotheke.de\/wp-cms\/wp-json\/wp\/v2\/pages\/17\/revisions"}],"predecessor-version":[{"id":1002,"href":"https:\/\/www.linnich-apotheke.de\/wp-cms\/wp-json\/wp\/v2\/pages\/17\/revisions\/1002"}],"wp:attachment":[{"href":"https:\/\/www.linnich-apotheke.de\/wp-cms\/wp-json\/wp\/v2\/media?parent=17"}],"curies":[{"name":"wp","href":"https:\/\/api.w.org\/{rel}","templated":true}]}}