{"id":21,"date":"2012-03-19T16:10:35","date_gmt":"2012-03-19T16:10:35","guid":{"rendered":"https:\/\/www.linnich-apotheke.de\/wp-cms\/?page_id=21"},"modified":"2023-12-05T16:27:21","modified_gmt":"2023-12-05T16:27:21","slug":"servicestarke","status":"publish","type":"page","link":"https:\/\/www.linnich-apotheke.de\/wp-cms\/apotheke\/servicestarke\/","title":{"rendered":"Servicest\u00e4rke"},"content":{"rendered":"<blockquote><p>Wir verstehen uns nicht nur als Verkaufsstelle f\u00fcr Arzneimittel, sondern als kompetente Beratungs- und Anlaufstelle bei allen Fragen rund um Ihre gesundheitlichen Belange.<br \/>\nSo bieten wir thematisch gegliederte Fachvortr\u00e4ge von Medizinern, Heilpraktikern und Hebammen zu allt\u00e4glichen Schwerpunktthemen an. Diese finden nach gesonderter Ank\u00fcndigung kostenlos in unseren Apothekenr\u00e4umen statt. Informationen hierzu finden Sie unter Aktionen und Angebote.<\/p><\/blockquote>\n<div>\n<h3>Eucerin Produkte<\/h3>\n<p>Eucerin Produkte helfen, die Gesundheit ihrer Haut zu verbessern, sie zu erhalten und zu sch\u00fctzen &#8211; ein Leben lang. Genie\u00dfen Sie das Selbstvertrauen, das gesunde, strahlend sch\u00f6ne Haut Ihnen verleiht.<\/p>\n<p>Wir f\u00fchren exklusiv f\u00fcr Sie Eucerin Produkte.<br \/>\n<strong>Wir beraten Sie gerne.<\/strong><\/p>\n<p>&nbsp;<\/p>\n<h3>Wir messen f\u00fcr Sie:<\/h3>\n<ul>\n<li>Blutdruck<\/li>\n<\/ul>\n<h3>Kompressionsstrumpfanpassung:<\/h3>\n<p>Bei uns k\u00f6nnen Sie ma\u00dfgefertigte Kompressionsstr\u00fcmpfe bestellen. Hierzu werden Ihre Ma\u00dfe in unserer Apotheke genommen.\u00a0Nach individueller Anfertigung erhalten Sie Ihre eigenen Kompressionsstr\u00fcmpfe.\u00a0<strong>Sollten Sie einen Hausbesuch w\u00fcnschen, messen wir die Str\u00fcmpfe auch gerne in Ihren eigenen R\u00e4umen an.<\/strong><\/p>\n<h3>Verleih von:<\/h3>\n<\/div>\n<div>\n<ul>\n<li>Babywaagen<\/li>\n<li>Milchpumpen<\/li>\n<li>Blutdruckme\u00dfger\u00e4ten<\/li>\n<\/ul>\n<\/div>\n","protected":false},"excerpt":{"rendered":"<p>Wir verstehen uns nicht nur als Verkaufsstelle f\u00fcr Arzneimittel, sondern als kompetente Beratungs- und Anlaufstelle bei allen Fragen rund um Ihre gesundheitlichen Belange. So bieten wir thematisch gegliederte Fachvortr\u00e4ge von Medizinern, Heilpraktikern und Hebammen zu allt\u00e4glichen Schwerpunktthemen an. Diese finden nach gesonderter Ank\u00fcndigung kostenlos in unseren Apothekenr\u00e4umen statt. Informationen hierzu finden Sie unter Aktionen und [&hellip;]<\/p>\n","protected":false},"author":2,"featured_media":0,"parent":17,"menu_order":0,"comment_status":"closed","ping_status":"open","template":"","meta":[],"_links":{"self":[{"href":"https:\/\/www.linnich-apotheke.de\/wp-cms\/wp-json\/wp\/v2\/pages\/21"}],"collection":[{"href":"https:\/\/www.linnich-apotheke.de\/wp-cms\/wp-json\/wp\/v2\/pages"}],"about":[{"href":"https:\/\/www.linnich-apotheke.de\/wp-cms\/wp-json\/wp\/v2\/types\/page"}],"author":[{"embeddable":true,"href":"https:\/\/www.linnich-apotheke.de\/wp-cms\/wp-json\/wp\/v2\/users\/2"}],"replies":[{"embeddable":true,"href":"https:\/\/www.linnich-apotheke.de\/wp-cms\/wp-json\/wp\/v2\/comments?post=21"}],"version-history":[{"count":3,"href":"https:\/\/www.linnich-apotheke.de\/wp-cms\/wp-json\/wp\/v2\/pages\/21\/revisions"}],"predecessor-version":[{"id":1302,"href":"https:\/\/www.linnich-apotheke.de\/wp-cms\/wp-json\/wp\/v2\/pages\/21\/revisions\/1302"}],"up":[{"embeddable":true,"href":"https:\/\/www.linnich-apotheke.de\/wp-cms\/wp-json\/wp\/v2\/pages\/17"}],"wp:attachment":[{"href":"https:\/\/www.linnich-apotheke.de\/wp-cms\/wp-json\/wp\/v2\/media?parent=21"}],"curies":[{"name":"wp","href":"https:\/\/api.w.org\/{rel}","templated":true}]}}