{"id":25,"date":"2012-03-19T16:10:51","date_gmt":"2012-03-19T16:10:51","guid":{"rendered":"https:\/\/www.linnich-apotheke.de\/wp-cms\/?page_id=25"},"modified":"2018-10-10T13:41:39","modified_gmt":"2018-10-10T13:41:39","slug":"beratung","status":"publish","type":"page","link":"https:\/\/www.linnich-apotheke.de\/wp-cms\/beratung\/","title":{"rendered":"Beratung"},"content":{"rendered":"<p><a href=\"https:\/\/www.linnich-apotheke.de\/wp-cms\/wp-content\/uploads\/2012\/05\/1FE6328.jpg\"><img decoding=\"async\" loading=\"lazy\" class=\"alignleft size-medium wp-image-188\" title=\"Beratungsgespraech_2\" src=\"https:\/\/www.linnich-apotheke.de\/wp-cms\/wp-content\/uploads\/2012\/05\/1FE6328-300x199.jpg\" alt=\"\" width=\"300\" height=\"199\" srcset=\"https:\/\/static.linnich-apotheke.de\/wp-cms\/wp-content\/uploads\/2012\/05\/1FE6328-300x199.jpg 300w, https:\/\/static.linnich-apotheke.de\/wp-cms\/wp-content\/uploads\/2012\/05\/1FE6328-1024x682.jpg 1024w, https:\/\/static.linnich-apotheke.de\/wp-cms\/wp-content\/uploads\/2012\/05\/1FE6328.jpg 1772w\" sizes=\"(max-width: 300px) 100vw, 300px\" \/><\/a>Wir beraten Sie gerne!<\/p>\n<p>Die Beratung unserer Kunden steht im Mittelpunkt unserer T\u00e4tigkeit in der Marien Apotheke.<\/p>\n<p>Um eine schnelle und nachhaltige Linderung Ihrer Beschwerden zu gew\u00e4hrleisten ist es unabdingbar \u00fcber alle Neben- Wechselwirkungen sowie die richtige Form der Einnahme umfassend informiert zu werden. Sollten Sie trotz unsere Beratung das Gef\u00fchl haben unsicher zu sein, fragen Sie bitte nach.<\/p>\n<p>Wir stehen Ihnen pers\u00f6nlich zu unseren \u00d6ffnungszeiten in der Apotheke und auch telefonisch zur Verf\u00fcgung,\u00a0dar\u00fcber hinaus k\u00f6nnen Sie gerne Kontakt per Mail oder auf Facebook aufnehmen.<\/p>\n<p>Wir werden uns umgehend um Ihre individuellen Anliegen k\u00fcmmern.<\/p>\n","protected":false},"excerpt":{"rendered":"<p>Wir beraten Sie gerne! Die Beratung unserer Kunden steht im Mittelpunkt unserer T\u00e4tigkeit in der Marien Apotheke. Um eine schnelle und nachhaltige Linderung Ihrer Beschwerden zu gew\u00e4hrleisten ist es unabdingbar \u00fcber alle Neben- Wechselwirkungen sowie die richtige Form der Einnahme umfassend informiert zu werden. Sollten Sie trotz unsere Beratung das Gef\u00fchl haben unsicher zu sein, [&hellip;]<\/p>\n","protected":false},"author":2,"featured_media":0,"parent":0,"menu_order":5,"comment_status":"closed","ping_status":"closed","template":"","meta":[],"_links":{"self":[{"href":"https:\/\/www.linnich-apotheke.de\/wp-cms\/wp-json\/wp\/v2\/pages\/25"}],"collection":[{"href":"https:\/\/www.linnich-apotheke.de\/wp-cms\/wp-json\/wp\/v2\/pages"}],"about":[{"href":"https:\/\/www.linnich-apotheke.de\/wp-cms\/wp-json\/wp\/v2\/types\/page"}],"author":[{"embeddable":true,"href":"https:\/\/www.linnich-apotheke.de\/wp-cms\/wp-json\/wp\/v2\/users\/2"}],"replies":[{"embeddable":true,"href":"https:\/\/www.linnich-apotheke.de\/wp-cms\/wp-json\/wp\/v2\/comments?post=25"}],"version-history":[{"count":1,"href":"https:\/\/www.linnich-apotheke.de\/wp-cms\/wp-json\/wp\/v2\/pages\/25\/revisions"}],"predecessor-version":[{"id":1003,"href":"https:\/\/www.linnich-apotheke.de\/wp-cms\/wp-json\/wp\/v2\/pages\/25\/revisions\/1003"}],"wp:attachment":[{"href":"https:\/\/www.linnich-apotheke.de\/wp-cms\/wp-json\/wp\/v2\/media?parent=25"}],"curies":[{"name":"wp","href":"https:\/\/api.w.org\/{rel}","templated":true}]}}