{"id":33,"date":"2012-03-19T16:11:38","date_gmt":"2012-03-19T16:11:38","guid":{"rendered":"https:\/\/www.linnich-apotheke.de\/wp-cms\/?page_id=33"},"modified":"2018-05-24T18:53:09","modified_gmt":"2018-05-24T18:53:09","slug":"asthma","status":"publish","type":"page","link":"https:\/\/www.linnich-apotheke.de\/wp-cms\/beratung\/asthma\/","title":{"rendered":"Asthma"},"content":{"rendered":"<div>\n<p>Asthma bronchiale ist eine chronische Erkrankung des Bronchialsystems, f\u00fcr die anfallsweise auftretende Atemnot mit mehr oder weniger lauten, pfeifenden Atemger\u00e4uschen, Kurzatmigkeit, trockener Husten oder ein Engegef\u00fchl in der Brust symptomatisch ist.<\/p>\n<blockquote><p>Asthma ist eine chronische Erkrankung, also keine vor\u00fcbergehende Erkrankung, die nach ein paar Tagen oder Wochen geheilt ist, sondern sie besteht \u00fcber Jahre oder sogar ein Leben lang. Die Auspr\u00e4gung der Erkrankung kann sehr unterschiedlich sein, von leichten Beschwerden bis hin zu Dauerbeschwerden mit erheblichen Einschr\u00e4nkungen der k\u00f6rperlichen Leistungsf\u00e4higkeit.<\/p><\/blockquote>\n<p><img decoding=\"async\" loading=\"lazy\" class=\"wp-image-124 aligncenter\" title=\"Aspirin\" src=\"https:\/\/www.linnich-apotheke.de\/wp-cms\/wp-content\/uploads\/2012\/04\/Aspirin-e1334215562388-150x150.jpg\" alt=\"\" width=\"105\" height=\"105\" srcset=\"https:\/\/static.linnich-apotheke.de\/wp-cms\/wp-content\/uploads\/2012\/04\/Aspirin-e1334215562388-150x150.jpg 150w, https:\/\/static.linnich-apotheke.de\/wp-cms\/wp-content\/uploads\/2012\/04\/Aspirin-e1334215562388.jpg 281w\" sizes=\"(max-width: 105px) 100vw, 105px\" \/>Das bedeutet aber nicht, dass man mit einer Asthmaerkrankung nicht am allt\u00e4glichen Leben teilhaben kann. Das Wissen um die Krankheitszusammenh\u00e4nge und der richtige und angstfreie Umgang mit den k\u00f6rperlichen Symptomen erm\u00f6glichen einem an Asthma erkrankten Menschen eine ganz normale Lebensf\u00fchrung in Familie, Freizeit und Beruf.<\/p>\n<blockquote><p>Die richtige Anwendung der verschiedensten Inhalatoren ist f\u00fcr den Therapieerfolg von entscheidender Bedeutung.<br \/>\nWir zeigen Ihnen den richtigen Umgang mit Ihrem Ger\u00e4t.<\/p>\n<\/div>\n<p>(Quelle: Kolping Berufsbildungswerk Essen)<\/p><\/blockquote>\n","protected":false},"excerpt":{"rendered":"<p>Asthma bronchiale ist eine chronische Erkrankung des Bronchialsystems, f\u00fcr die anfallsweise auftretende Atemnot mit mehr oder weniger lauten, pfeifenden Atemger\u00e4uschen, Kurzatmigkeit, trockener Husten oder ein Engegef\u00fchl in der Brust symptomatisch ist. Asthma ist eine chronische Erkrankung, also keine vor\u00fcbergehende Erkrankung, die nach ein paar Tagen oder Wochen geheilt ist, sondern sie besteht \u00fcber Jahre oder [&hellip;]<\/p>\n","protected":false},"author":2,"featured_media":0,"parent":25,"menu_order":0,"comment_status":"closed","ping_status":"open","template":"","meta":[],"_links":{"self":[{"href":"https:\/\/www.linnich-apotheke.de\/wp-cms\/wp-json\/wp\/v2\/pages\/33"}],"collection":[{"href":"https:\/\/www.linnich-apotheke.de\/wp-cms\/wp-json\/wp\/v2\/pages"}],"about":[{"href":"https:\/\/www.linnich-apotheke.de\/wp-cms\/wp-json\/wp\/v2\/types\/page"}],"author":[{"embeddable":true,"href":"https:\/\/www.linnich-apotheke.de\/wp-cms\/wp-json\/wp\/v2\/users\/2"}],"replies":[{"embeddable":true,"href":"https:\/\/www.linnich-apotheke.de\/wp-cms\/wp-json\/wp\/v2\/comments?post=33"}],"version-history":[{"count":1,"href":"https:\/\/www.linnich-apotheke.de\/wp-cms\/wp-json\/wp\/v2\/pages\/33\/revisions"}],"predecessor-version":[{"id":1004,"href":"https:\/\/www.linnich-apotheke.de\/wp-cms\/wp-json\/wp\/v2\/pages\/33\/revisions\/1004"}],"up":[{"embeddable":true,"href":"https:\/\/www.linnich-apotheke.de\/wp-cms\/wp-json\/wp\/v2\/pages\/25"}],"wp:attachment":[{"href":"https:\/\/www.linnich-apotheke.de\/wp-cms\/wp-json\/wp\/v2\/media?parent=33"}],"curies":[{"name":"wp","href":"https:\/\/api.w.org\/{rel}","templated":true}]}}