{"id":35,"date":"2012-03-19T16:11:49","date_gmt":"2012-03-19T16:11:49","guid":{"rendered":"https:\/\/www.linnich-apotheke.de\/wp-cms\/?page_id=35"},"modified":"2018-05-24T18:53:09","modified_gmt":"2018-05-24T18:53:09","slug":"copd","status":"publish","type":"page","link":"https:\/\/www.linnich-apotheke.de\/wp-cms\/beratung\/copd\/","title":{"rendered":"COPD"},"content":{"rendered":"<div>\n<p>Die chronische Bronchitis geh\u00f6rt zu den h\u00e4ufigsten Erkrankungen (15\u201325\u00a0%). Daher ist sie auch aus\u00a0gesundheits\u00f6konomischer\u00a0Sicht von gro\u00dfer Relevanz. Vor allem M\u00e4nner (im Verh\u00e4ltnis 3:1) im vierten Lebensjahrzehnt sind betroffen.<\/p>\n<h3>Laut Weltgesundheitsorganisation liegt eine chronische Bronchitis vor wenn:<\/h3>\n<ul>\n<li>Husten und Auswurf\u00a0an den meisten Tagen w\u00e4hrend mindestens drei Monaten in zwei aufeinanderfolgenden Jahren auftritt.<\/li>\n<\/ul>\n<\/div>\n<div>\n<p>An erster Stelle steht das inhalative Tabakrauchen (90\u00a0% der Erkrankten sind Raucher oder Ex-Raucher), aber auch Umweltfaktoren (Luftverschmutzung, feuchtes, neblig-kaltes Klima), Industrieabgase (z.\u00a0B.Schwefeldioxid) und berufliche Exposition (St\u00e4ube, Reizgase, extreme Hitze) werden mit der chronischen Bronchitis in Verbindung gebracht.<\/p>\n<p>H\u00e4ufige Infektionen der Atemwege k\u00f6nnen ebenfalls die mukozili\u00e4re Selbstreinigung der\u00a0Atemwege\u00a0sch\u00e4digen. Auch eine\u00a0chronische Sinusitis\u00a0z.\u00a0B. aufgrund einer Nasenscheidewandverkr\u00fcmmung (Deviatio septi nasi;\u00a0Septumdeviation) kann die Ursache f\u00fcr eine chronische Bronchitis sein.<\/p>\n<p>&nbsp;<\/p>\n<h3>Haupteinflussfaktoren einer chronischen Bronchitis sind:<\/h3>\n<ul>\n<li>Nikotinkonsum<\/li>\n<li>Passivrauchen<\/li>\n<li>Schadstoffe in der Umwelt<\/li>\n<li>Allergische Erkrankungen<\/li>\n<li>Chronische, unausgeheilte Infektionen<\/li>\n<li>Vorgesch\u00e4digte und \u00fcberreizte Bronchialschleimhaut<\/li>\n<li>Viren und Bakterien<\/li>\n<\/ul>\n<blockquote><p>Nehmen Sie eine chronische Bronchitis daher immer ernst und suchen sie bei ersten Anzeichen wie qu\u00e4lendem Husten nach dem Aufstehen und h\u00e4ufigem schleimig-wei\u00dfen Auswurf ihren Hausarzt auf.<\/p><\/blockquote>\n<p>Im Anfangsstadium kann eine chronische Bronchitis durch die richtigen Behandlungsma\u00dfnahmen in der Regel vollst\u00e4ndig ausgeheilt werden.<\/p>\n<p><strong>Vermeiden Sie dadurch schwerwiegende Folgesch\u00e4den!<\/strong><\/p>\n<p>(Quelle: Wikipedia)<\/p>\n<\/div>\n","protected":false},"excerpt":{"rendered":"<p>Die chronische Bronchitis geh\u00f6rt zu den h\u00e4ufigsten Erkrankungen (15\u201325\u00a0%). Daher ist sie auch aus\u00a0gesundheits\u00f6konomischer\u00a0Sicht von gro\u00dfer Relevanz. Vor allem M\u00e4nner (im Verh\u00e4ltnis 3:1) im vierten Lebensjahrzehnt sind betroffen. Laut Weltgesundheitsorganisation liegt eine chronische Bronchitis vor wenn: Husten und Auswurf\u00a0an den meisten Tagen w\u00e4hrend mindestens drei Monaten in zwei aufeinanderfolgenden Jahren auftritt. An erster Stelle steht [&hellip;]<\/p>\n","protected":false},"author":2,"featured_media":0,"parent":25,"menu_order":0,"comment_status":"closed","ping_status":"open","template":"","meta":[],"_links":{"self":[{"href":"https:\/\/www.linnich-apotheke.de\/wp-cms\/wp-json\/wp\/v2\/pages\/35"}],"collection":[{"href":"https:\/\/www.linnich-apotheke.de\/wp-cms\/wp-json\/wp\/v2\/pages"}],"about":[{"href":"https:\/\/www.linnich-apotheke.de\/wp-cms\/wp-json\/wp\/v2\/types\/page"}],"author":[{"embeddable":true,"href":"https:\/\/www.linnich-apotheke.de\/wp-cms\/wp-json\/wp\/v2\/users\/2"}],"replies":[{"embeddable":true,"href":"https:\/\/www.linnich-apotheke.de\/wp-cms\/wp-json\/wp\/v2\/comments?post=35"}],"version-history":[{"count":1,"href":"https:\/\/www.linnich-apotheke.de\/wp-cms\/wp-json\/wp\/v2\/pages\/35\/revisions"}],"predecessor-version":[{"id":1005,"href":"https:\/\/www.linnich-apotheke.de\/wp-cms\/wp-json\/wp\/v2\/pages\/35\/revisions\/1005"}],"up":[{"embeddable":true,"href":"https:\/\/www.linnich-apotheke.de\/wp-cms\/wp-json\/wp\/v2\/pages\/25"}],"wp:attachment":[{"href":"https:\/\/www.linnich-apotheke.de\/wp-cms\/wp-json\/wp\/v2\/media?parent=35"}],"curies":[{"name":"wp","href":"https:\/\/api.w.org\/{rel}","templated":true}]}}