{"id":37,"date":"2012-03-19T16:11:59","date_gmt":"2012-03-19T16:11:59","guid":{"rendered":"https:\/\/www.linnich-apotheke.de\/wp-cms\/?page_id=37"},"modified":"2018-05-24T18:53:09","modified_gmt":"2018-05-24T18:53:09","slug":"rund-ums-baby","status":"publish","type":"page","link":"https:\/\/www.linnich-apotheke.de\/wp-cms\/beratung\/rund-ums-baby\/","title":{"rendered":"Rund ums Baby"},"content":{"rendered":"<p>Liebe Eltern,<\/p>\n<p>Die Beratung werdender Eltern wird bei uns gro\u00df geschrieben.<br \/>\nWir beraten Sie gerne und umfassend w\u00e4hrend der Schwangerschaft, Stillzeit und Elternzeit.<\/p>\n<h3>Themen, auf die wir besonderen Wert legen:<\/h3>\n<ul>\n<li>Ern\u00e4hrung f\u00fcr Schwangere und Stillende<\/li>\n<li>Sinnvolle Nahrungserg\u00e4nzungsmittel<\/li>\n<li>Gesunde Ern\u00e4hrung des S\u00e4uglings und Einf\u00fchrung von Beikost -K\u00f6rperpflege f\u00fcr Mutter und Kind<\/li>\n<li>Behandlung von typischen Beschwerden w\u00e4hrend Schwangerschaft und Stillzeit<\/li>\n<li>vertr\u00e4gliche Arzneimittel, die w\u00e4hrend der Schwangerschaft und Stillzeit bedenkenlos eingenommen werden k\u00f6nnen<\/li>\n<li>Empf\u00e4ngnisschutz<\/li>\n<li>Stillprobleme<\/li>\n<li>Stillen und Berufst\u00e4tigkeit<\/li>\n<li>Naturheilmittel und hom\u00f6opathische Hausapotheke<\/li>\n<\/ul>\n<h3>Um Ihnen einen umfassenden Service bieten zu k\u00f6nnen, haben wir auch unser Produktsortiment speziell auf Ihre Bed\u00fcrfnisse ausgerichtet. Dazu geh\u00f6ren:<\/h3>\n<ul>\n<li>Schwangerschafts- und Babypflegeprodukte<\/li>\n<li>Stillhilfsmittel<\/li>\n<li>Naturheilmittel<\/li>\n<li>Informationsbrosch\u00fcren und B\u00fccher<\/li>\n<li>Moderne und hochwertige Milchpumpen k\u00f6nnen selbstverst\u00e4ndlich ausgeliehen werden<\/li>\n<li>wir stellen Ihnen kostenlos Babywaagen zur Verf\u00fcgung<\/li>\n<\/ul>\n<address>Das Team der Marien Apotheke w\u00fcnscht ihnen einen guten Start ins Familienleben!<\/address>\n","protected":false},"excerpt":{"rendered":"<p>Liebe Eltern, Die Beratung werdender Eltern wird bei uns gro\u00df geschrieben. Wir beraten Sie gerne und umfassend w\u00e4hrend der Schwangerschaft, Stillzeit und Elternzeit. Themen, auf die wir besonderen Wert legen: Ern\u00e4hrung f\u00fcr Schwangere und Stillende Sinnvolle Nahrungserg\u00e4nzungsmittel Gesunde Ern\u00e4hrung des S\u00e4uglings und Einf\u00fchrung von Beikost -K\u00f6rperpflege f\u00fcr Mutter und Kind Behandlung von typischen Beschwerden w\u00e4hrend [&hellip;]<\/p>\n","protected":false},"author":2,"featured_media":0,"parent":25,"menu_order":0,"comment_status":"closed","ping_status":"open","template":"","meta":[],"_links":{"self":[{"href":"https:\/\/www.linnich-apotheke.de\/wp-cms\/wp-json\/wp\/v2\/pages\/37"}],"collection":[{"href":"https:\/\/www.linnich-apotheke.de\/wp-cms\/wp-json\/wp\/v2\/pages"}],"about":[{"href":"https:\/\/www.linnich-apotheke.de\/wp-cms\/wp-json\/wp\/v2\/types\/page"}],"author":[{"embeddable":true,"href":"https:\/\/www.linnich-apotheke.de\/wp-cms\/wp-json\/wp\/v2\/users\/2"}],"replies":[{"embeddable":true,"href":"https:\/\/www.linnich-apotheke.de\/wp-cms\/wp-json\/wp\/v2\/comments?post=37"}],"version-history":[{"count":1,"href":"https:\/\/www.linnich-apotheke.de\/wp-cms\/wp-json\/wp\/v2\/pages\/37\/revisions"}],"predecessor-version":[{"id":1007,"href":"https:\/\/www.linnich-apotheke.de\/wp-cms\/wp-json\/wp\/v2\/pages\/37\/revisions\/1007"}],"up":[{"embeddable":true,"href":"https:\/\/www.linnich-apotheke.de\/wp-cms\/wp-json\/wp\/v2\/pages\/25"}],"wp:attachment":[{"href":"https:\/\/www.linnich-apotheke.de\/wp-cms\/wp-json\/wp\/v2\/media?parent=37"}],"curies":[{"name":"wp","href":"https:\/\/api.w.org\/{rel}","templated":true}]}}