{"id":43,"date":"2012-03-19T16:12:41","date_gmt":"2012-03-19T16:12:41","guid":{"rendered":"https:\/\/www.linnich-apotheke.de\/wp-cms\/?page_id=43"},"modified":"2018-10-10T13:41:49","modified_gmt":"2018-10-10T13:41:49","slug":"kontakt","status":"publish","type":"page","link":"https:\/\/www.linnich-apotheke.de\/wp-cms\/kontakt\/","title":{"rendered":"Kontakt"},"content":{"rendered":"<p>Zu den nebenstehenden \u00d6ffnungszeiten finden Sie uns in Ihrer Marien Apotheke.<br \/>\nM\u00f6chten Sie uns dar\u00fcber hinaus Ihre Anliegen mitteilen, so nutzen Sie bitte unserer E-Mailadresse oder besuchen Sie uns auf Facebook.<\/p>\n<p>Sie haben in Ihrer Marien Apotheke eine Ansprechpartnerin Ihrer Wahl und wollen eine vertrauliche Angelegenheit nur mit dieser kl\u00e4ren, so nutzen Sie bitte die pers\u00f6nlichen E-Mailadressen im Bereich Team.<\/p>\n<p>Jede Mitarbeiterin hat dort ihren eigenen Kontaktzugang. Fahren Sie dazu bitte mit Ihrem Cursor \u00fcber das Namensfeld.<\/p>\n<p>Wir freuen uns auf Ihre Kontaktaufnahme.<\/p>\n<p><a href=\"https:\/\/www.linnich-apotheke.de\/wp-cms\/wp-content\/uploads\/2012\/05\/1FE6287.jpg\"><img decoding=\"async\" loading=\"lazy\" class=\"alignleft size-medium wp-image-187\" title=\"Beratungsgespraech\" alt=\"\" src=\"https:\/\/www.linnich-apotheke.de\/wp-cms\/wp-content\/uploads\/2012\/05\/1FE6287-300x199.jpg\" width=\"300\" height=\"199\" srcset=\"https:\/\/static.linnich-apotheke.de\/wp-cms\/wp-content\/uploads\/2012\/05\/1FE6287-300x199.jpg 300w, https:\/\/static.linnich-apotheke.de\/wp-cms\/wp-content\/uploads\/2012\/05\/1FE6287-1024x682.jpg 1024w, https:\/\/static.linnich-apotheke.de\/wp-cms\/wp-content\/uploads\/2012\/05\/1FE6287.jpg 1772w\" sizes=\"(max-width: 300px) 100vw, 300px\" \/><\/a><\/p>\n","protected":false},"excerpt":{"rendered":"<p>Zu den nebenstehenden \u00d6ffnungszeiten finden Sie uns in Ihrer Marien Apotheke. M\u00f6chten Sie uns dar\u00fcber hinaus Ihre Anliegen mitteilen, so nutzen Sie bitte unserer E-Mailadresse oder besuchen Sie uns auf Facebook. Sie haben in Ihrer Marien Apotheke eine Ansprechpartnerin Ihrer Wahl und wollen eine vertrauliche Angelegenheit nur mit dieser kl\u00e4ren, so nutzen Sie bitte die [&hellip;]<\/p>\n","protected":false},"author":2,"featured_media":0,"parent":0,"menu_order":6,"comment_status":"closed","ping_status":"closed","template":"","meta":[],"_links":{"self":[{"href":"https:\/\/www.linnich-apotheke.de\/wp-cms\/wp-json\/wp\/v2\/pages\/43"}],"collection":[{"href":"https:\/\/www.linnich-apotheke.de\/wp-cms\/wp-json\/wp\/v2\/pages"}],"about":[{"href":"https:\/\/www.linnich-apotheke.de\/wp-cms\/wp-json\/wp\/v2\/types\/page"}],"author":[{"embeddable":true,"href":"https:\/\/www.linnich-apotheke.de\/wp-cms\/wp-json\/wp\/v2\/users\/2"}],"replies":[{"embeddable":true,"href":"https:\/\/www.linnich-apotheke.de\/wp-cms\/wp-json\/wp\/v2\/comments?post=43"}],"version-history":[{"count":1,"href":"https:\/\/www.linnich-apotheke.de\/wp-cms\/wp-json\/wp\/v2\/pages\/43\/revisions"}],"predecessor-version":[{"id":1009,"href":"https:\/\/www.linnich-apotheke.de\/wp-cms\/wp-json\/wp\/v2\/pages\/43\/revisions\/1009"}],"wp:attachment":[{"href":"https:\/\/www.linnich-apotheke.de\/wp-cms\/wp-json\/wp\/v2\/media?parent=43"}],"curies":[{"name":"wp","href":"https:\/\/api.w.org\/{rel}","templated":true}]}}